{"id":133,"date":"2022-06-10T16:07:01","date_gmt":"2022-06-10T16:07:01","guid":{"rendered":"https:\/\/serviciosintea.com\/?page_id=133"},"modified":"2022-06-14T16:59:51","modified_gmt":"2022-06-14T16:59:51","slug":"cctv","status":"publish","type":"page","link":"https:\/\/serviciosintea.com\/?page_id=133","title":{"rendered":"CCTV"},"content":{"rendered":"<style>\/*! elementor - v3.6.6 - 08-06-2022 *\/\n.elementor-heading-title{padding:0;margin:0;line-height:1}.elementor-widget-heading .elementor-heading-title[class*=elementor-size-]>a{color:inherit;font-size:inherit;line-height:inherit}.elementor-widget-heading .elementor-heading-title.elementor-size-small{font-size:15px}.elementor-widget-heading .elementor-heading-title.elementor-size-medium{font-size:19px}.elementor-widget-heading .elementor-heading-title.elementor-size-large{font-size:29px}.elementor-widget-heading .elementor-heading-title.elementor-size-xl{font-size:39px}.elementor-widget-heading .elementor-heading-title.elementor-size-xxl{font-size:59px}<\/style>\n<h4>Seguridad electronica<\/h4>\n<style>\/*! elementor - v3.6.6 - 08-06-2022 *\/\n.e-container.e-container--row .elementor-spacer-inner{width:var(--spacer-size)}.e-container.e-container--column .elementor-spacer-inner,.elementor-column .elementor-spacer-inner{height:var(--spacer-size)}<\/style>\n<h2>Protege tu patrimonio con la mayor tecnolog\u00eda<\/h2>\n<p>Sistemas de alta seguridad y tecnolog\u00eda para proteger tu patrimonio<\/p>\n<p>            <a href=\"https:\/\/serviciosintea.com\/?page_id=16\" data-text=\"Solicitar cotizaci\u00f3n\"><br \/>\n                    Solicitar cotizaci\u00f3n<br \/>\n            <\/a><\/p>\n<style>\/*! elementor - v3.6.6 - 08-06-2022 *\/\n.elementor-widget-image{text-align:center}.elementor-widget-image a{display:inline-block}.elementor-widget-image a img[src$=\".svg\"]{width:48px}.elementor-widget-image img{vertical-align:middle;display:inline-block}<\/style>\n<p>\t\t\t\t\t\t\t\t\t\t\t\t<img decoding=\"async\" width=\"39\" height=\"39\" src=\"http:\/\/serviciosintea.com\/wp-content\/uploads\/2022\/06\/10f4c41f-object-01.png\" alt=\"\" loading=\"lazy\" \/><br \/>\n\t\t\t\t\t\t\t\t\t\t\t\t\t\t\t<img decoding=\"async\" width=\"1000\" height=\"381\" src=\"http:\/\/serviciosintea.com\/wp-content\/uploads\/2022\/06\/security-systems.png\" alt=\"\" loading=\"lazy\" srcset=\"https:\/\/serviciosintea.com\/wp-content\/uploads\/2022\/06\/security-systems.png 1000w, https:\/\/serviciosintea.com\/wp-content\/uploads\/2022\/06\/security-systems-300x114.png 300w, https:\/\/serviciosintea.com\/wp-content\/uploads\/2022\/06\/security-systems-768x293.png 768w\" sizes=\"auto, (max-width: 1000px) 100vw, 1000px\" \/><br \/>\n\t\t\t\t\t\t\t\t\t\t\t\t\t\t\t<img decoding=\"async\" width=\"860\" height=\"451\" src=\"http:\/\/serviciosintea.com\/wp-content\/uploads\/2022\/06\/352-3523846_transparent-cctv-png-monitor-cctv-png-png-download.png\" alt=\"\" loading=\"lazy\" srcset=\"https:\/\/serviciosintea.com\/wp-content\/uploads\/2022\/06\/352-3523846_transparent-cctv-png-monitor-cctv-png-png-download.png 860w, https:\/\/serviciosintea.com\/wp-content\/uploads\/2022\/06\/352-3523846_transparent-cctv-png-monitor-cctv-png-png-download-300x157.png 300w, https:\/\/serviciosintea.com\/wp-content\/uploads\/2022\/06\/352-3523846_transparent-cctv-png-monitor-cctv-png-png-download-768x403.png 768w\" sizes=\"auto, (max-width: 860px) 100vw, 860px\" \/><br \/>\n\t\t\t\t\t\t\t\t\t\t\t\t\t\t\t<img decoding=\"async\" width=\"2560\" height=\"795\" src=\"http:\/\/serviciosintea.com\/wp-content\/uploads\/2022\/06\/1.png\" alt=\"\" loading=\"lazy\" srcset=\"https:\/\/serviciosintea.com\/wp-content\/uploads\/2022\/06\/1.png 2560w, https:\/\/serviciosintea.com\/wp-content\/uploads\/2022\/06\/1-300x93.png 300w, https:\/\/serviciosintea.com\/wp-content\/uploads\/2022\/06\/1-1024x318.png 1024w, https:\/\/serviciosintea.com\/wp-content\/uploads\/2022\/06\/1-768x239.png 768w, https:\/\/serviciosintea.com\/wp-content\/uploads\/2022\/06\/1-1536x477.png 1536w, https:\/\/serviciosintea.com\/wp-content\/uploads\/2022\/06\/1-2048x636.png 2048w\" sizes=\"auto, (max-width: 2560px) 100vw, 2560px\" \/><br \/>\n\t\t\t\t\t\t\t\t\t\t\t\t\t\t\t<img decoding=\"async\" width=\"5000\" height=\"700\" src=\"http:\/\/serviciosintea.com\/wp-content\/uploads\/2022\/06\/3.png\" alt=\"\" loading=\"lazy\" srcset=\"https:\/\/serviciosintea.com\/wp-content\/uploads\/2022\/06\/3.png 5000w, https:\/\/serviciosintea.com\/wp-content\/uploads\/2022\/06\/3-300x42.png 300w, https:\/\/serviciosintea.com\/wp-content\/uploads\/2022\/06\/3-1024x143.png 1024w, https:\/\/serviciosintea.com\/wp-content\/uploads\/2022\/06\/3-768x108.png 768w, https:\/\/serviciosintea.com\/wp-content\/uploads\/2022\/06\/3-1536x215.png 1536w, https:\/\/serviciosintea.com\/wp-content\/uploads\/2022\/06\/3-2048x287.png 2048w\" sizes=\"auto, (max-width: 5000px) 100vw, 5000px\" \/><br \/>\n\t\t\t\t\t\t\t\t\t\t\t\t\t\t\t<img decoding=\"async\" width=\"400\" height=\"185\" src=\"http:\/\/serviciosintea.com\/wp-content\/uploads\/2022\/06\/5.webp\" alt=\"\" loading=\"lazy\" srcset=\"https:\/\/serviciosintea.com\/wp-content\/uploads\/2022\/06\/5.webp 400w, https:\/\/serviciosintea.com\/wp-content\/uploads\/2022\/06\/5-300x139.webp 300w\" sizes=\"auto, (max-width: 400px) 100vw, 400px\" \/><br \/>\n\t\t\t\t\t\t\t\t\t\t\t\t\t\t\t<img decoding=\"async\" width=\"3500\" height=\"546\" src=\"http:\/\/serviciosintea.com\/wp-content\/uploads\/2022\/06\/4.png\" alt=\"\" loading=\"lazy\" srcset=\"https:\/\/serviciosintea.com\/wp-content\/uploads\/2022\/06\/4.png 3500w, https:\/\/serviciosintea.com\/wp-content\/uploads\/2022\/06\/4-300x47.png 300w, https:\/\/serviciosintea.com\/wp-content\/uploads\/2022\/06\/4-1024x160.png 1024w, https:\/\/serviciosintea.com\/wp-content\/uploads\/2022\/06\/4-768x120.png 768w, https:\/\/serviciosintea.com\/wp-content\/uploads\/2022\/06\/4-1536x240.png 1536w, https:\/\/serviciosintea.com\/wp-content\/uploads\/2022\/06\/4-2048x319.png 2048w\" sizes=\"auto, (max-width: 3500px) 100vw, 3500px\" \/><br \/>\n\t\t\t\t\t\t\t\t\t\t\t\t\t\t\t<img decoding=\"async\" width=\"1778\" height=\"889\" src=\"http:\/\/serviciosintea.com\/wp-content\/uploads\/2022\/06\/Logo-Axis.png\" alt=\"\" loading=\"lazy\" srcset=\"https:\/\/serviciosintea.com\/wp-content\/uploads\/2022\/06\/Logo-Axis.png 1778w, https:\/\/serviciosintea.com\/wp-content\/uploads\/2022\/06\/Logo-Axis-300x150.png 300w, https:\/\/serviciosintea.com\/wp-content\/uploads\/2022\/06\/Logo-Axis-1024x512.png 1024w, https:\/\/serviciosintea.com\/wp-content\/uploads\/2022\/06\/Logo-Axis-768x384.png 768w, https:\/\/serviciosintea.com\/wp-content\/uploads\/2022\/06\/Logo-Axis-1536x768.png 1536w\" sizes=\"auto, (max-width: 1778px) 100vw, 1778px\" \/><br \/>\n\t\t\t\t\t\t\t\t\t\t\t\t\t\t\t<img decoding=\"async\" width=\"258\" height=\"258\" src=\"http:\/\/serviciosintea.com\/wp-content\/uploads\/2022\/06\/3efb7664-object-04.png\" alt=\"\" loading=\"lazy\" srcset=\"https:\/\/serviciosintea.com\/wp-content\/uploads\/2022\/06\/3efb7664-object-04.png 258w, https:\/\/serviciosintea.com\/wp-content\/uploads\/2022\/06\/3efb7664-object-04-150x150.png 150w\" sizes=\"auto, (max-width: 258px) 100vw, 258px\" \/>\t\t\t\t\t\t\t\t\t\t\t\t\t\t\t<\/p>\n<h4>cctv<\/h4>\n<h2>C\u00e1maras de seguridad para protecci\u00f3n<\/h2>\n<p>El uso de sistemas CCTV es imprescindible para la seguridad de el hogar y negocios, tanto con su poder disuasivo, como evidencia y para el an\u00e1lisis de seguridad y puntos debiles<\/p>\n<p>\t\t\t\t\t\t\t\t\t\t\t\t\t\t\t<img decoding=\"async\" width=\"36\" height=\"36\" src=\"http:\/\/serviciosintea.com\/wp-content\/uploads\/2022\/06\/322f7205-object-05.png\" alt=\"\" loading=\"lazy\" \/><br \/>\n                            <img decoding=\"async\" src=\"http:\/\/serviciosintea.com\/wp-content\/uploads\/2022\/06\/1277px-Full_hd_logo.svg_.png\" alt=\"\"><\/p>\n<h4>Alta calidad de imagen<\/h4>\n<p><p>Todos nuestros equipos son de alta calidad partiendo desde FullHD hasta 4k para garantizar la efectividad de el equipo.<\/p>\n<\/p>\n<p>                            <img decoding=\"async\" src=\"http:\/\/serviciosintea.com\/wp-content\/uploads\/2022\/06\/9ba1b6a847b1d5c7f006d872b0916101-dispositivos-de-conexion-a-internet.png\" alt=\"\"><\/p>\n<h4>Monitoreo en linea<\/h4>\n<p><p>Monitoreo del sistema desde cualquier parte del mundo a trav\u00e9s de dispositivos moviles<\/p>\n<\/p>\n<p>                            <img decoding=\"async\" src=\"http:\/\/serviciosintea.com\/wp-content\/uploads\/2022\/06\/storage-icon-png-5.png\" alt=\"\"><\/p>\n<h4>Grabaci\u00f3n continua <\/h4>\n<p><p>Grabaci\u00f3n 24\/7 con respaldo desde 15 hasta 90 d\u00edas.<\/p>\n<p>Grabaci\u00f3n continua o por movimiento<\/p>\n<\/p>\n<p>\t\t\t\t\t\t\t\t\t\t\t\t\t\t\t<img decoding=\"async\" width=\"36\" height=\"36\" src=\"http:\/\/serviciosintea.com\/wp-content\/uploads\/2022\/06\/f8e45a4f-object-06.png\" alt=\"\" loading=\"lazy\" \/><br \/>\n                            <img decoding=\"async\" src=\"http:\/\/serviciosintea.com\/wp-content\/uploads\/2022\/06\/1Y-limited-warranty-ES.png\" alt=\"\"><\/p>\n<h4>Garant\u00eda directa<\/h4>\n<p><p>Todos los productos que ofrecemos cuentan con garant\u00eda por defectos.<\/p>\n<p>Cuenta con nuestro respaldo 100% en caso de cualquier problema<\/p>\n<\/p>\n<h4>Proyectos<\/h4>\n<h2>Instalaciones profesionales<\/h2>\n<p>Nuestros servicios son personalizados, para brindar el equipo que mas se adapte a sus necesidades y garantice la mas alta protecci\u00f3n.<\/p>\n<link rel=\"stylesheet\" href=\"https:\/\/serviciosintea.com\/wp-content\/plugins\/elementor\/assets\/css\/widget-icon-list.min.css\">\n<ul>\n<li>\n\t\t\t\t\t\t\t\t\t\tTodos nuestros productos cuentan con garant\u00eda\n\t\t\t\t\t\t\t\t\t<\/li>\n<li>\n\t\t\t\t\t\t\t\t\t\tAlta atenci\u00f3n a seguridad, calidad y est\u00e9tica\n\t\t\t\t\t\t\t\t\t<\/li>\n<li>\n\t\t\t\t\t\t\t\t\t\tCotizaci\u00f3n hecha a su medida\n\t\t\t\t\t\t\t\t\t<\/li>\n<\/ul>\n<p>\t\t\t\t\t\t\t\t\t\t\t\t\t\t\t<img decoding=\"async\" width=\"650\" height=\"1156\" src=\"http:\/\/serviciosintea.com\/wp-content\/uploads\/2022\/06\/WhatsApp-Image-2022-06-13-at-1.17.59-PM.jpeg\" alt=\"\" loading=\"lazy\" srcset=\"https:\/\/serviciosintea.com\/wp-content\/uploads\/2022\/06\/WhatsApp-Image-2022-06-13-at-1.17.59-PM.jpeg 650w, https:\/\/serviciosintea.com\/wp-content\/uploads\/2022\/06\/WhatsApp-Image-2022-06-13-at-1.17.59-PM-169x300.jpeg 169w, https:\/\/serviciosintea.com\/wp-content\/uploads\/2022\/06\/WhatsApp-Image-2022-06-13-at-1.17.59-PM-576x1024.jpeg 576w\" sizes=\"auto, (max-width: 650px) 100vw, 650px\" \/><br \/>\n\t\t\t\t\t\t\t\t\t\t\t\t\t\t\t<img decoding=\"async\" width=\"1058\" height=\"1058\" src=\"http:\/\/serviciosintea.com\/wp-content\/uploads\/2022\/06\/Group-6.png\" alt=\"\" loading=\"lazy\" srcset=\"https:\/\/serviciosintea.com\/wp-content\/uploads\/2022\/06\/Group-6.png 1058w, https:\/\/serviciosintea.com\/wp-content\/uploads\/2022\/06\/Group-6-300x300.png 300w, https:\/\/serviciosintea.com\/wp-content\/uploads\/2022\/06\/Group-6-1024x1024.png 1024w, https:\/\/serviciosintea.com\/wp-content\/uploads\/2022\/06\/Group-6-150x150.png 150w, https:\/\/serviciosintea.com\/wp-content\/uploads\/2022\/06\/Group-6-768x768.png 768w\" sizes=\"auto, (max-width: 1058px) 100vw, 1058px\" \/>\t\t\t\t\t\t\t\t\t\t\t\t\t\t\t<\/p>\n<h2>Ponte en contacto con nostros<\/h2>\n<p>Asesor\u00eda profesional personalizada<\/p>\n<p>\t\t\t\t\t\t\t\t\t\t\t\t\t\t\t<img decoding=\"async\" width=\"170\" height=\"180\" src=\"http:\/\/serviciosintea.com\/wp-content\/uploads\/2022\/06\/Group-1-copy.png\" alt=\"\" loading=\"lazy\" \/><br \/>\n\t\t\t\t\t\t\t\t\t\t\t\t\t\t\t<img decoding=\"async\" width=\"64\" height=\"62\" src=\"http:\/\/serviciosintea.com\/wp-content\/uploads\/2022\/06\/Shape-1-copy-4.png\" alt=\"\" loading=\"lazy\" \/>\t\t\t\t\t\t\t\t\t\t\t\t\t\t\t<\/p>\n<form data-form_id=\"3\" id=\"fluentform_3\" data-form_instance=\"ff_form_instance_3_1\" method=\"POST\" ><input type='hidden' name='__fluent_form_embded_post_id' value='133' \/><input type=\"hidden\" id=\"_fluentform_3_fluentformnonce\" name=\"_fluentform_3_fluentformnonce\" value=\"b4b442914b\" \/><input type=\"hidden\" name=\"_wp_http_referer\" value=\"\/wp-admin\/admin-ajax.php\" \/><label for='ff_3_names_first_name_'>Nombre<\/label> <input type=\"text\" name=\"names[first_name]\" id=\"ff_3_names_first_name_\" placeholder=\"Nombre\" ><label for='ff_3_email'>Email<\/label> <input type=\"email\" name=\"email\" id=\"ff_3_email\" placeholder=\"Correo electronico\" data-name=\"email\" ><label for='ff_3_numeric-field'>Tel\u00e9fono<\/label> <input type=\"number\" name=\"numeric-field\" id=\"ff_3_numeric-field\" placeholder=\"Tel\u00e9fono de contacto\" data-name=\"numeric-field\" inputmode=\"numeric\" step=\"any\" ><label for='ff_3_message'>Su mensaje<\/label> <textarea name=\"message\" id=\"ff_3_message\" placeholder=\"Mensaje\" rows=\"4\" cols=\"2\" data-name=\"message\" ><\/textarea><button type=\"submit\" >Enviar<\/button><\/form>\n<link rel=\"stylesheet\" href=\"https:\/\/serviciosintea.com\/wp-content\/plugins\/elementor\/assets\/css\/widget-icon-box.min.css\">\n<h3>\n\t\t\t\t<\/h3>\n<p>\n\t\t\t\t\t\tPresa de la amistad 3712<br \/>\nNueva Modelo<br \/>\nMonterrey, NL\t\t\t\t\t<\/p>\n<h3>\n\t\t\t\t<\/h3>\n<p>\n\t\t\t\t\t\t81 2519 5014\t\t\t\t\t<\/p>\n<h2>\n\t\t\t\t<\/h2>\n<p>\n\t\t\t\t\t\tACabrera<br \/>@ServiciosIntea.com\t\t\t\t\t<\/p>\n","protected":false},"excerpt":{"rendered":"<p>Seguridad electronica Protege tu patrimonio con la mayor tecnolog\u00eda Sistemas de alta seguridad y tecnolog\u00eda para proteger tu patrimonio Solicitar cotizaci\u00f3n cctv C\u00e1maras de seguridad para protecci\u00f3n El uso de sistemas CCTV es imprescindible para la seguridad de el hogar y negocios, tanto con su poder disuasivo, como evidencia y para el an\u00e1lisis de seguridad [&hellip;]<\/p>\n","protected":false},"author":1,"featured_media":0,"parent":10,"menu_order":0,"comment_status":"closed","ping_status":"closed","template":"elementor_header_footer","meta":{"_eb_attr":"","footnotes":""},"class_list":["post-133","page","type-page","status-publish","hentry"],"_links":{"self":[{"href":"https:\/\/serviciosintea.com\/index.php?rest_route=\/wp\/v2\/pages\/133","targetHints":{"allow":["GET"]}}],"collection":[{"href":"https:\/\/serviciosintea.com\/index.php?rest_route=\/wp\/v2\/pages"}],"about":[{"href":"https:\/\/serviciosintea.com\/index.php?rest_route=\/wp\/v2\/types\/page"}],"author":[{"embeddable":true,"href":"https:\/\/serviciosintea.com\/index.php?rest_route=\/wp\/v2\/users\/1"}],"replies":[{"embeddable":true,"href":"https:\/\/serviciosintea.com\/index.php?rest_route=%2Fwp%2Fv2%2Fcomments&post=133"}],"version-history":[{"count":39,"href":"https:\/\/serviciosintea.com\/index.php?rest_route=\/wp\/v2\/pages\/133\/revisions"}],"predecessor-version":[{"id":649,"href":"https:\/\/serviciosintea.com\/index.php?rest_route=\/wp\/v2\/pages\/133\/revisions\/649"}],"up":[{"embeddable":true,"href":"https:\/\/serviciosintea.com\/index.php?rest_route=\/wp\/v2\/pages\/10"}],"wp:attachment":[{"href":"https:\/\/serviciosintea.com\/index.php?rest_route=%2Fwp%2Fv2%2Fmedia&parent=133"}],"curies":[{"name":"wp","href":"https:\/\/api.w.org\/{rel}","templated":true}]}}