{"id":136,"date":"2022-06-10T16:07:24","date_gmt":"2022-06-10T16:07:24","guid":{"rendered":"https:\/\/serviciosintea.com\/?page_id=136"},"modified":"2022-06-28T17:12:50","modified_gmt":"2022-06-28T17:12:50","slug":"alarmas","status":"publish","type":"page","link":"https:\/\/serviciosintea.com\/?page_id=136","title":{"rendered":"Alarmas"},"content":{"rendered":"<style>\/*! elementor - v3.6.6 - 08-06-2022 *\/\n.elementor-heading-title{padding:0;margin:0;line-height:1}.elementor-widget-heading .elementor-heading-title[class*=elementor-size-]>a{color:inherit;font-size:inherit;line-height:inherit}.elementor-widget-heading .elementor-heading-title.elementor-size-small{font-size:15px}.elementor-widget-heading .elementor-heading-title.elementor-size-medium{font-size:19px}.elementor-widget-heading .elementor-heading-title.elementor-size-large{font-size:29px}.elementor-widget-heading .elementor-heading-title.elementor-size-xl{font-size:39px}.elementor-widget-heading .elementor-heading-title.elementor-size-xxl{font-size:59px}<\/style>\n<h1>ALARMAS <\/h1>\n<p>SISTEMAS DE ALARMADO PARA EL HOGAR O NEGOCIO. Equipos de la mejor calidad en el mercado, personal capacitado para la instalacion y programaci\u00f3n del equipo cotizaciones echas a su medida.<\/p>\n<p>\t\t\t<a href=\"https:\/\/serviciosintea.com\/?page_id=16\" role=\"button\"><br \/>\n\t\t\t\t\t\tpide tu cotizaci\u00f3n<br \/>\n\t\t\t\t\t<\/a><\/p>\n<style>\/*! elementor - v3.6.6 - 08-06-2022 *\/\n.elementor-widget-image{text-align:center}.elementor-widget-image a{display:inline-block}.elementor-widget-image a img[src$=\".svg\"]{width:48px}.elementor-widget-image img{vertical-align:middle;display:inline-block}<\/style>\n<p>\t\t\t\t\t\t\t\t\t\t\t\t<img decoding=\"async\" width=\"564\" height=\"376\" src=\"http:\/\/serviciosintea.com\/wp-content\/uploads\/2022\/06\/caee7ca7eaef9e76782e74a7760159b6-1.jpg\" alt=\"\" loading=\"lazy\" srcset=\"https:\/\/serviciosintea.com\/wp-content\/uploads\/2022\/06\/caee7ca7eaef9e76782e74a7760159b6-1.jpg 564w, https:\/\/serviciosintea.com\/wp-content\/uploads\/2022\/06\/caee7ca7eaef9e76782e74a7760159b6-1-300x200.jpg 300w\" sizes=\"auto, (max-width: 564px) 100vw, 564px\" \/>\t\t\t\t\t\t\t\t\t\t\t\t\t\t\t<\/p>\n<h2>alarmado recidencial <\/h2>\n<p>protege  a tu patrimonio y a los que mas quieres, con el alarmado en casa puedes proteger puertas y ventanas adem\u00e1s cuenta con sensores de movimiento para cuando no est\u00e9s en casa. Ten la satisfacci\u00f3n de sentirte  seguro y protegido.<\/p>\n<p>\t\t\t<a href=\"\" role=\"button\"><br \/>\n\t\t\t\t\t\t mas informaci\u00f3n<br \/>\n\t\t\t\t\t<\/a><\/p>\n<h2>kits de alarmas <\/h2>\n<p>Los kits son una soluci\u00f3n r\u00e1pida, econ\u00f3mica y eficaz para tu hogar o negocio. cuentan con todo lo necesario para proteger tu patrimonio. <\/p>\n<p>\t\t\t<a href=\"\" role=\"button\"><br \/>\n\t\t\t\t\t\tmas informaci\u00f3n<br \/>\n\t\t\t\t\t<\/a><br \/>\n\t\t\t\t\t\t\t\t\t\t\t\t\t\t\t<img decoding=\"async\" width=\"400\" height=\"400\" src=\"http:\/\/serviciosintea.com\/wp-content\/uploads\/2022\/06\/kit-alarma.png\" alt=\"\" loading=\"lazy\" srcset=\"https:\/\/serviciosintea.com\/wp-content\/uploads\/2022\/06\/kit-alarma.png 400w, https:\/\/serviciosintea.com\/wp-content\/uploads\/2022\/06\/kit-alarma-300x300.png 300w, https:\/\/serviciosintea.com\/wp-content\/uploads\/2022\/06\/kit-alarma-150x150.png 150w\" sizes=\"auto, (max-width: 400px) 100vw, 400px\" \/><br \/>\n\t\t\t\t\t\t\t\t\t\t\t\t\t\t\t<img decoding=\"async\" width=\"400\" height=\"400\" src=\"http:\/\/serviciosintea.com\/wp-content\/uploads\/2022\/06\/VISTA48ECO-p-1.png\" alt=\"\" loading=\"lazy\" srcset=\"https:\/\/serviciosintea.com\/wp-content\/uploads\/2022\/06\/VISTA48ECO-p-1.png 400w, https:\/\/serviciosintea.com\/wp-content\/uploads\/2022\/06\/VISTA48ECO-p-1-300x300.png 300w, https:\/\/serviciosintea.com\/wp-content\/uploads\/2022\/06\/VISTA48ECO-p-1-150x150.png 150w\" sizes=\"auto, (max-width: 400px) 100vw, 400px\" \/><br \/>\n\t\t\t\t\t\t\t\t\t\t\t\t\t\t\t<img decoding=\"async\" width=\"581\" height=\"531\" src=\"http:\/\/serviciosintea.com\/wp-content\/uploads\/2022\/06\/hontc-04.webp\" alt=\"\" loading=\"lazy\" srcset=\"https:\/\/serviciosintea.com\/wp-content\/uploads\/2022\/06\/hontc-04.webp 581w, https:\/\/serviciosintea.com\/wp-content\/uploads\/2022\/06\/hontc-04-300x274.webp 300w\" sizes=\"auto, (max-width: 581px) 100vw, 581px\" \/><br \/>\n\t\t\t\t\t\t\t\t\t\t\t\t\t\t\t<img decoding=\"async\" width=\"581\" height=\"531\" src=\"http:\/\/serviciosintea.com\/wp-content\/uploads\/2022\/06\/hontc-05.webp\" alt=\"\" loading=\"lazy\" srcset=\"https:\/\/serviciosintea.com\/wp-content\/uploads\/2022\/06\/hontc-05.webp 581w, https:\/\/serviciosintea.com\/wp-content\/uploads\/2022\/06\/hontc-05-300x274.webp 300w\" sizes=\"auto, (max-width: 581px) 100vw, 581px\" \/>\t\t\t\t\t\t\t\t\t\t\t\t\t\t\t<\/p>\n<h2>protege desde tu Smartphone <\/h2>\n<p>monitorea tu patrimonio dondequiera que est\u00e9s. Recibe alertas a tu celular, alarme o desalarme su patrimonio desde una simple APP.<\/p>\n<p>\t\t\t<a href=\"\" role=\"button\"><br \/>\n\t\t\t\t\t\tmas informaci\u00f3n<br \/>\n\t\t\t\t\t<\/a><\/p>\n","protected":false},"excerpt":{"rendered":"<p>ALARMAS SISTEMAS DE ALARMADO PARA EL HOGAR O NEGOCIO. Equipos de la mejor calidad en el mercado, personal capacitado para la instalacion y programaci\u00f3n del equipo cotizaciones echas a su medida. pide tu cotizaci\u00f3n alarmado recidencial protege a tu patrimonio y a los que mas quieres, con el alarmado en casa puedes proteger puertas y [&hellip;]<\/p>\n","protected":false},"author":1,"featured_media":0,"parent":10,"menu_order":0,"comment_status":"closed","ping_status":"closed","template":"","meta":{"_eb_attr":"","footnotes":""},"class_list":["post-136","page","type-page","status-publish","hentry"],"_links":{"self":[{"href":"https:\/\/serviciosintea.com\/index.php?rest_route=\/wp\/v2\/pages\/136","targetHints":{"allow":["GET"]}}],"collection":[{"href":"https:\/\/serviciosintea.com\/index.php?rest_route=\/wp\/v2\/pages"}],"about":[{"href":"https:\/\/serviciosintea.com\/index.php?rest_route=\/wp\/v2\/types\/page"}],"author":[{"embeddable":true,"href":"https:\/\/serviciosintea.com\/index.php?rest_route=\/wp\/v2\/users\/1"}],"replies":[{"embeddable":true,"href":"https:\/\/serviciosintea.com\/index.php?rest_route=%2Fwp%2Fv2%2Fcomments&post=136"}],"version-history":[{"count":10,"href":"https:\/\/serviciosintea.com\/index.php?rest_route=\/wp\/v2\/pages\/136\/revisions"}],"predecessor-version":[{"id":547,"href":"https:\/\/serviciosintea.com\/index.php?rest_route=\/wp\/v2\/pages\/136\/revisions\/547"}],"up":[{"embeddable":true,"href":"https:\/\/serviciosintea.com\/index.php?rest_route=\/wp\/v2\/pages\/10"}],"wp:attachment":[{"href":"https:\/\/serviciosintea.com\/index.php?rest_route=%2Fwp%2Fv2%2Fmedia&parent=136"}],"curies":[{"name":"wp","href":"https:\/\/api.w.org\/{rel}","templated":true}]}}