{"id":30,"date":"2022-06-09T21:21:26","date_gmt":"2022-06-09T21:21:26","guid":{"rendered":"https:\/\/serviciosintea.com\/?page_id=30"},"modified":"2022-07-19T15:43:51","modified_gmt":"2022-07-19T15:43:51","slug":"home","status":"publish","type":"page","link":"https:\/\/serviciosintea.com\/","title":{"rendered":"Home"},"content":{"rendered":"<style>\/*! elementor - v3.6.6 - 08-06-2022 *\/\n.elementor-heading-title{padding:0;margin:0;line-height:1}.elementor-widget-heading .elementor-heading-title[class*=elementor-size-]>a{color:inherit;font-size:inherit;line-height:inherit}.elementor-widget-heading .elementor-heading-title.elementor-size-small{font-size:15px}.elementor-widget-heading .elementor-heading-title.elementor-size-medium{font-size:19px}.elementor-widget-heading .elementor-heading-title.elementor-size-large{font-size:29px}.elementor-widget-heading .elementor-heading-title.elementor-size-xl{font-size:39px}.elementor-widget-heading .elementor-heading-title.elementor-size-xxl{font-size:59px}<\/style>\n<h4>Digital Platform<\/h4>\n<style>\/*! elementor - v3.6.6 - 08-06-2022 *\/\n.e-container.e-container--row .elementor-spacer-inner{width:var(--spacer-size)}.e-container.e-container--column .elementor-spacer-inner,.elementor-column .elementor-spacer-inner{height:var(--spacer-size)}<\/style>\n<h2>Seguridad Electr\u00f3nica de Alta Gama  <\/h2>\n<p>No existe mejor opci\u00f3n que INTEA te\u00a0ofrecemos las mejores soluciones con un excelente servicio.<\/p>\n<p>            <a href=\"https:\/\/serviciosintea.com\/?page_id=16\" data-text=\"pide mas informaci\u00f3n \"><br \/>\n                    cont\u00e1ctanos<br \/>\n            <\/a><\/p>\n<style>\/*! elementor - v3.6.6 - 08-06-2022 *\/\n.elementor-widget-image{text-align:center}.elementor-widget-image a{display:inline-block}.elementor-widget-image a img[src$=\".svg\"]{width:48px}.elementor-widget-image img{vertical-align:middle;display:inline-block}<\/style>\n<p>\t\t\t\t\t\t\t\t\t\t\t\t<img decoding=\"async\" width=\"39\" height=\"39\" src=\"http:\/\/serviciosintea.com\/wp-content\/uploads\/2022\/06\/10f4c41f-object-01-1.png\" alt=\"\" loading=\"lazy\" \/><br \/>\n\t\t\t\t\t\t\t\t\t\t\t\t\t\t\t<img decoding=\"async\" width=\"300\" height=\"191\" src=\"http:\/\/serviciosintea.com\/wp-content\/uploads\/2022\/07\/CCTV-PNG-Photo-300x191.png\" alt=\"\" loading=\"lazy\" srcset=\"https:\/\/serviciosintea.com\/wp-content\/uploads\/2022\/07\/CCTV-PNG-Photo-300x191.png 300w, https:\/\/serviciosintea.com\/wp-content\/uploads\/2022\/07\/CCTV-PNG-Photo-768x489.png 768w, https:\/\/serviciosintea.com\/wp-content\/uploads\/2022\/07\/CCTV-PNG-Photo.png 807w\" sizes=\"auto, (max-width: 300px) 100vw, 300px\" \/><br \/>\n\t\t\t\t\t\t\t\t\t\t\t\t\t\t\t<img decoding=\"async\" width=\"974\" height=\"422\" src=\"http:\/\/serviciosintea.com\/wp-content\/uploads\/2022\/07\/CCTV-PNG-High-Quality-Image.png\" alt=\"\" loading=\"lazy\" srcset=\"https:\/\/serviciosintea.com\/wp-content\/uploads\/2022\/07\/CCTV-PNG-High-Quality-Image.png 974w, https:\/\/serviciosintea.com\/wp-content\/uploads\/2022\/07\/CCTV-PNG-High-Quality-Image-300x130.png 300w, https:\/\/serviciosintea.com\/wp-content\/uploads\/2022\/07\/CCTV-PNG-High-Quality-Image-768x333.png 768w\" sizes=\"auto, (max-width: 974px) 100vw, 974px\" \/><br \/>\n\t\t\t\t\t\t\t\t\t\t\t\t\t\t\t<img decoding=\"async\" width=\"31\" height=\"31\" src=\"http:\/\/serviciosintea.com\/wp-content\/uploads\/2022\/06\/e8c645ba-object-02-1.png\" alt=\"\" loading=\"lazy\" \/><br \/>\n\t\t\t\t\t\t\t\t\t\t\t\t\t\t\t<img decoding=\"async\" width=\"5000\" height=\"700\" src=\"http:\/\/serviciosintea.com\/wp-content\/uploads\/2022\/06\/3.png\" alt=\"\" loading=\"lazy\" srcset=\"https:\/\/serviciosintea.com\/wp-content\/uploads\/2022\/06\/3.png 5000w, https:\/\/serviciosintea.com\/wp-content\/uploads\/2022\/06\/3-300x42.png 300w, https:\/\/serviciosintea.com\/wp-content\/uploads\/2022\/06\/3-1024x143.png 1024w, https:\/\/serviciosintea.com\/wp-content\/uploads\/2022\/06\/3-768x108.png 768w, https:\/\/serviciosintea.com\/wp-content\/uploads\/2022\/06\/3-1536x215.png 1536w, https:\/\/serviciosintea.com\/wp-content\/uploads\/2022\/06\/3-2048x287.png 2048w\" sizes=\"auto, (max-width: 5000px) 100vw, 5000px\" \/><br \/>\n\t\t\t\t\t\t\t\t\t\t\t\t\t\t\t<img decoding=\"async\" width=\"2560\" height=\"795\" src=\"http:\/\/serviciosintea.com\/wp-content\/uploads\/2022\/06\/1.png\" alt=\"\" loading=\"lazy\" srcset=\"https:\/\/serviciosintea.com\/wp-content\/uploads\/2022\/06\/1.png 2560w, https:\/\/serviciosintea.com\/wp-content\/uploads\/2022\/06\/1-300x93.png 300w, https:\/\/serviciosintea.com\/wp-content\/uploads\/2022\/06\/1-1024x318.png 1024w, https:\/\/serviciosintea.com\/wp-content\/uploads\/2022\/06\/1-768x239.png 768w, https:\/\/serviciosintea.com\/wp-content\/uploads\/2022\/06\/1-1536x477.png 1536w, https:\/\/serviciosintea.com\/wp-content\/uploads\/2022\/06\/1-2048x636.png 2048w\" sizes=\"auto, (max-width: 2560px) 100vw, 2560px\" \/><br \/>\n\t\t\t\t\t\t\t\t\t\t\t\t\t\t\t<img decoding=\"async\" width=\"1778\" height=\"889\" src=\"http:\/\/serviciosintea.com\/wp-content\/uploads\/2022\/06\/Logo-Axis.png\" alt=\"\" loading=\"lazy\" srcset=\"https:\/\/serviciosintea.com\/wp-content\/uploads\/2022\/06\/Logo-Axis.png 1778w, https:\/\/serviciosintea.com\/wp-content\/uploads\/2022\/06\/Logo-Axis-300x150.png 300w, https:\/\/serviciosintea.com\/wp-content\/uploads\/2022\/06\/Logo-Axis-1024x512.png 1024w, https:\/\/serviciosintea.com\/wp-content\/uploads\/2022\/06\/Logo-Axis-768x384.png 768w, https:\/\/serviciosintea.com\/wp-content\/uploads\/2022\/06\/Logo-Axis-1536x768.png 1536w\" sizes=\"auto, (max-width: 1778px) 100vw, 1778px\" \/><br \/>\n\t\t\t\t\t\t\t\t\t\t\t\t\t\t\t<img decoding=\"async\" width=\"3500\" height=\"546\" src=\"http:\/\/serviciosintea.com\/wp-content\/uploads\/2022\/06\/4.png\" alt=\"\" loading=\"lazy\" srcset=\"https:\/\/serviciosintea.com\/wp-content\/uploads\/2022\/06\/4.png 3500w, https:\/\/serviciosintea.com\/wp-content\/uploads\/2022\/06\/4-300x47.png 300w, https:\/\/serviciosintea.com\/wp-content\/uploads\/2022\/06\/4-1024x160.png 1024w, https:\/\/serviciosintea.com\/wp-content\/uploads\/2022\/06\/4-768x120.png 768w, https:\/\/serviciosintea.com\/wp-content\/uploads\/2022\/06\/4-1536x240.png 1536w, https:\/\/serviciosintea.com\/wp-content\/uploads\/2022\/06\/4-2048x319.png 2048w\" sizes=\"auto, (max-width: 3500px) 100vw, 3500px\" \/><br \/>\n\t\t\t\t\t\t\t\t\t\t\t\t\t\t\t<img decoding=\"async\" width=\"400\" height=\"185\" src=\"http:\/\/serviciosintea.com\/wp-content\/uploads\/2022\/06\/5.webp\" alt=\"\" loading=\"lazy\" srcset=\"https:\/\/serviciosintea.com\/wp-content\/uploads\/2022\/06\/5.webp 400w, https:\/\/serviciosintea.com\/wp-content\/uploads\/2022\/06\/5-300x139.webp 300w\" sizes=\"auto, (max-width: 400px) 100vw, 400px\" \/><br \/>\n                            <img decoding=\"async\" src=\"http:\/\/serviciosintea.com\/wp-content\/uploads\/2022\/06\/4-49411_hikvision-camera-hd-png-download.png\" alt=\"\"><\/p>\n<h4>CIRCUITO CERRADO DE TV <\/h4>\n<p>            <a href=\"https:\/\/serviciosintea.com\/?page_id=133\"><br \/>\n                                m\u00e1s informaci\u00f3n<br \/>\n                                                                        <\/a><br \/>\n\t\t\t\t\t\t\t\t\t\t\t\t\t\t\t<img decoding=\"async\" width=\"76\" height=\"76\" src=\"http:\/\/serviciosintea.com\/wp-content\/uploads\/2022\/06\/4712f3c4-object-24-1.png\" alt=\"\" loading=\"lazy\" \/><br \/>\n                            <img decoding=\"async\" src=\"http:\/\/serviciosintea.com\/wp-content\/uploads\/2022\/06\/DSKIS203T-p.webp\" alt=\"\"><\/p>\n<h4> VIDEO PORTEROS<\/h4>\n<p>            <a href=\"https:\/\/serviciosintea.com\/?page_id=145\"><br \/>\n                                m\u00e1s informaci\u00f3n<br \/>\n                                                                        <\/a><br \/>\n                            <img decoding=\"async\" src=\"http:\/\/serviciosintea.com\/wp-content\/uploads\/2022\/06\/kit-alarma.png\" alt=\"\"><\/p>\n<h4>ALARMAS <\/h4>\n<p>            <a href=\"https:\/\/serviciosintea.com\/?page_id=136\"><br \/>\n                                m\u00e1s informaci\u00f3n<br \/>\n                                                                        <\/a><br \/>\n                            <img decoding=\"async\" src=\"http:\/\/serviciosintea.com\/wp-content\/uploads\/2022\/06\/ARCHERC80-g.webp\" alt=\"\"><\/p>\n<h4>WI-FI Y REDES <\/h4>\n<p>            <a href=\"https:\/\/serviciosintea.com\/?page_id=148\"><br \/>\n                                m\u00e1s informaci\u00f3n<br \/>\n                                                                        <\/a><br \/>\n                            <img decoding=\"async\" src=\"http:\/\/serviciosintea.com\/wp-content\/uploads\/2022\/06\/7fbb7228a6b20770290863f72685f37e.jpg\" alt=\"\"><\/p>\n<h4>CONTROL DE ACCESO VEHICULAR <\/h4>\n<p>            <a href=\"https:\/\/serviciosintea.com\/?page_id=139\"><br \/>\n                                m\u00e1s informaci\u00f3n<br \/>\n                                                                        <\/a><br \/>\n                            <img decoding=\"async\" src=\"http:\/\/serviciosintea.com\/wp-content\/uploads\/2022\/06\/X7-g-1.webp\" alt=\"\"><\/p>\n<h4>CONTROL DE ACCESO <\/h4>\n<p>            <a href=\"https:\/\/serviciosintea.com\/?page_id=142\"><br \/>\n                                m\u00e1s informaci\u00f3n<br \/>\n                                                                        <\/a><br \/>\n\t\t\t\t\t\t\t\t\t\t\t\t\t\t\t<img decoding=\"async\" width=\"31\" height=\"31\" src=\"http:\/\/serviciosintea.com\/wp-content\/uploads\/2022\/06\/908376f2-object-03-1.png\" alt=\"\" loading=\"lazy\" \/>\t\t\t\t\t\t\t\t\t\t\t\t\t\t\t<\/p>\n<h4>caracter\u00edsticas <\/h4>\n<h2>\nInstalaci\u00f3n y Programaci\u00f3n <\/h2>\n<p>A dem\u00e1s de la instalacion de cualquier equipo se le realiza la programaci\u00f3n adecuada a las necesidades del cliente. INTEA especialista en soluciones y servicios.\u00a0<\/p>\n<link rel=\"stylesheet\" href=\"https:\/\/serviciosintea.com\/wp-content\/plugins\/elementor\/assets\/css\/widget-icon-list.min.css\">\n<ul>\n<li>\n\t\t\t\t\t\t\t\t\t\tt\u00e9cnicos capacitados y certificados\n\t\t\t\t\t\t\t\t\t<\/li>\n<li>\n\t\t\t\t\t\t\t\t\t\tinstalacion segura y cuidada esteticamente\n\t\t\t\t\t\t\t\t\t<\/li>\n<li>\n\t\t\t\t\t\t\t\t\t\tequipos de la mejor calidad en el mercado\n\t\t\t\t\t\t\t\t\t<\/li>\n<li>\n\t\t\t\t\t\t\t\t\t\tequipos garantizados por todo 1 a\u00f1o\n\t\t\t\t\t\t\t\t\t<\/li>\n<\/ul>\n<p>\t\t\t\t\t\t\t\t\t\t\t\t\t\t\t<img decoding=\"async\" width=\"1076\" height=\"980\" src=\"http:\/\/serviciosintea.com\/wp-content\/uploads\/2022\/06\/b4de5739-image5-1.png\" alt=\"\" loading=\"lazy\" srcset=\"https:\/\/serviciosintea.com\/wp-content\/uploads\/2022\/06\/b4de5739-image5-1.png 1076w, https:\/\/serviciosintea.com\/wp-content\/uploads\/2022\/06\/b4de5739-image5-1-300x273.png 300w, https:\/\/serviciosintea.com\/wp-content\/uploads\/2022\/06\/b4de5739-image5-1-1024x933.png 1024w, https:\/\/serviciosintea.com\/wp-content\/uploads\/2022\/06\/b4de5739-image5-1-768x699.png 768w\" sizes=\"auto, (max-width: 1076px) 100vw, 1076px\" \/><br \/>\n\t\t\t\t\t\t\t\t\t\t\t\t\t\t\t<img decoding=\"async\" width=\"39\" height=\"39\" src=\"http:\/\/serviciosintea.com\/wp-content\/uploads\/2022\/06\/9cc854c8-object-07-1.png\" alt=\"\" loading=\"lazy\" \/><br \/>\n\t\t\t\t\t\t\t\t\t\t\t\t\t\t\t<img decoding=\"async\" width=\"819\" height=\"789\" src=\"http:\/\/serviciosintea.com\/wp-content\/uploads\/2022\/06\/e0591b82-image6-1.png\" alt=\"\" loading=\"lazy\" srcset=\"https:\/\/serviciosintea.com\/wp-content\/uploads\/2022\/06\/e0591b82-image6-1.png 819w, https:\/\/serviciosintea.com\/wp-content\/uploads\/2022\/06\/e0591b82-image6-1-300x289.png 300w, https:\/\/serviciosintea.com\/wp-content\/uploads\/2022\/06\/e0591b82-image6-1-768x740.png 768w\" sizes=\"auto, (max-width: 819px) 100vw, 819px\" \/><br \/>\n\t\t\t\t\t\t\t\t\t\t\t\t\t\t\t<img decoding=\"async\" width=\"500\" height=\"334\" src=\"http:\/\/serviciosintea.com\/wp-content\/uploads\/2022\/06\/f53afebf70910142cf28b684ddcd141c.jpg\" alt=\"\" loading=\"lazy\" srcset=\"https:\/\/serviciosintea.com\/wp-content\/uploads\/2022\/06\/f53afebf70910142cf28b684ddcd141c.jpg 500w, https:\/\/serviciosintea.com\/wp-content\/uploads\/2022\/06\/f53afebf70910142cf28b684ddcd141c-300x200.jpg 300w\" sizes=\"auto, (max-width: 500px) 100vw, 500px\" \/>\t\t\t\t\t\t\t\t\t\t\t\t\t\t\t<\/p>\n<h4>Features<\/h4>\n<h2>Nuestro objetivo es brindarle la mejor soluci\u00f3n <\/h2>\n<p>El trabajo en equipo nos caracteriza. Nos gusta trabajar con las ideas que tiene el cliente para su proyecto aportar las nuestras y crear la mejor soluci\u00f3n .<\/p>\n<ul>\n<li>\n\t\t\t\t\t\t\t\t\t\tCrear un lazo de confianza con el cliente hasta volverlo nuestro socio.\n\t\t\t\t\t\t\t\t\t<\/li>\n<li>\n\t\t\t\t\t\t\t\t\t\tRealizar un impacto positivo para las empresas a las que brindamos servicios.\n\t\t\t\t\t\t\t\t\t<\/li>\n<\/ul>\n<p>            <a href=\"\" data-text=\"Go!\"><br \/>\n                    vu\u00e9lvete socio<br \/>\n            <\/a><\/p>\n<h2>\u00bfTienes alg\u00fan proyecto en mente?<\/h2>\n<p>cu\u00e9ntanos mas para planificar la soluci\u00f3n que necesitas.\u00a0<\/p>\n<p>            <a href=\"https:\/\/serviciosintea.com\/?page_id=16\" data-text=\"Go!\"><br \/>\n                    hazte nuestro socio<br \/>\n            <\/a><br \/>\n\t\t\t\t\t\t\t\t\t\t\t\t\t\t\t<img decoding=\"async\" width=\"31\" height=\"31\" src=\"http:\/\/serviciosintea.com\/wp-content\/uploads\/2022\/06\/0385f96c-object-15-1.png\" alt=\"\" loading=\"lazy\" \/><br \/>\n\t\t\t\t\t\t\t\t\t\t\t\t\t\t\t<img decoding=\"async\" width=\"268\" height=\"322\" src=\"http:\/\/serviciosintea.com\/wp-content\/uploads\/2022\/06\/bab5983a-image11-1.png\" alt=\"\" loading=\"lazy\" srcset=\"https:\/\/serviciosintea.com\/wp-content\/uploads\/2022\/06\/bab5983a-image11-1.png 268w, https:\/\/serviciosintea.com\/wp-content\/uploads\/2022\/06\/bab5983a-image11-1-250x300.png 250w\" sizes=\"auto, (max-width: 268px) 100vw, 268px\" \/><br \/>\n\t\t\t\t\t\t\t\t\t\t\t\t\t\t\t<img decoding=\"async\" width=\"39\" height=\"39\" src=\"http:\/\/serviciosintea.com\/wp-content\/uploads\/2022\/06\/86ea0706-object-16-1.png\" alt=\"\" loading=\"lazy\" \/><br \/>\n\t\t\t\t\t\t\t\t\t\t\t\t\t\t\t<img decoding=\"async\" width=\"31\" height=\"31\" src=\"http:\/\/serviciosintea.com\/wp-content\/uploads\/2022\/06\/bdf2ad54-object-17-1.png\" alt=\"\" loading=\"lazy\" \/>\t\t\t\t\t\t\t\t\t\t\t\t\t\t\t<\/p>\n<h2>Subscribe To Our<br \/>\nNewsletter!<\/h2>\n<h4>Subscribe to our newsletter and stay updated.<\/h4>\n","protected":false},"excerpt":{"rendered":"<p>Digital Platform Seguridad Electr\u00f3nica de Alta Gama No existe mejor opci\u00f3n que INTEA te\u00a0ofrecemos las mejores soluciones con un excelente servicio. cont\u00e1ctanos CIRCUITO CERRADO DE TV m\u00e1s informaci\u00f3n VIDEO PORTEROS m\u00e1s informaci\u00f3n ALARMAS m\u00e1s informaci\u00f3n WI-FI Y REDES m\u00e1s informaci\u00f3n CONTROL DE ACCESO VEHICULAR m\u00e1s informaci\u00f3n CONTROL DE ACCESO m\u00e1s informaci\u00f3n caracter\u00edsticas Instalaci\u00f3n y Programaci\u00f3n [&hellip;]<\/p>\n","protected":false},"author":1,"featured_media":0,"parent":0,"menu_order":0,"comment_status":"closed","ping_status":"closed","template":"","meta":{"_eb_attr":"","footnotes":""},"class_list":["post-30","page","type-page","status-publish","hentry"],"_links":{"self":[{"href":"https:\/\/serviciosintea.com\/index.php?rest_route=\/wp\/v2\/pages\/30","targetHints":{"allow":["GET"]}}],"collection":[{"href":"https:\/\/serviciosintea.com\/index.php?rest_route=\/wp\/v2\/pages"}],"about":[{"href":"https:\/\/serviciosintea.com\/index.php?rest_route=\/wp\/v2\/types\/page"}],"author":[{"embeddable":true,"href":"https:\/\/serviciosintea.com\/index.php?rest_route=\/wp\/v2\/users\/1"}],"replies":[{"embeddable":true,"href":"https:\/\/serviciosintea.com\/index.php?rest_route=%2Fwp%2Fv2%2Fcomments&post=30"}],"version-history":[{"count":67,"href":"https:\/\/serviciosintea.com\/index.php?rest_route=\/wp\/v2\/pages\/30\/revisions"}],"predecessor-version":[{"id":646,"href":"https:\/\/serviciosintea.com\/index.php?rest_route=\/wp\/v2\/pages\/30\/revisions\/646"}],"wp:attachment":[{"href":"https:\/\/serviciosintea.com\/index.php?rest_route=%2Fwp%2Fv2%2Fmedia&parent=30"}],"curies":[{"name":"wp","href":"https:\/\/api.w.org\/{rel}","templated":true}]}}