{"id":33,"date":"2022-06-09T21:21:37","date_gmt":"2022-06-09T21:21:37","guid":{"rendered":"https:\/\/serviciosintea.com\/?page_id=33"},"modified":"2022-06-17T17:18:03","modified_gmt":"2022-06-17T17:18:03","slug":"nosotros","status":"publish","type":"page","link":"https:\/\/serviciosintea.com\/?page_id=33","title":{"rendered":"Nosotros"},"content":{"rendered":"<style>\/*! elementor - v3.6.6 - 08-06-2022 *\/\n.elementor-heading-title{padding:0;margin:0;line-height:1}.elementor-widget-heading .elementor-heading-title[class*=elementor-size-]>a{color:inherit;font-size:inherit;line-height:inherit}.elementor-widget-heading .elementor-heading-title.elementor-size-small{font-size:15px}.elementor-widget-heading .elementor-heading-title.elementor-size-medium{font-size:19px}.elementor-widget-heading .elementor-heading-title.elementor-size-large{font-size:29px}.elementor-widget-heading .elementor-heading-title.elementor-size-xl{font-size:39px}.elementor-widget-heading .elementor-heading-title.elementor-size-xxl{font-size:59px}<\/style>\n<h1>Brindamos excelencia con nuestra experiencia <\/h1>\n<p>Nuestro equipo siempre se esfuerza para brindar el mejor servicio desde cero, planificamos, organizamos y creamos soluciones perfectas para usted. Nos especializamos en instalaci\u00f3n, soporte t\u00e9cnico y mantenimiento en todo lo relacionado con la seguridad electr\u00f3nica a\u00f1os de experiencia nos respaldan y la dedicaci\u00f3n en cada trabajo lo refuerza. Somos INTEA soluciones y servicios.<\/p>\n<p>\t\t\t<a href=\"https:\/\/serviciosintea.com\/?page_id=16\" role=\"button\"><br \/>\n\t\t\t\t\t\treserva una visita<br \/>\n\t\t\t\t\t<\/a><\/p>\n<style>\/*! elementor - v3.6.6 - 08-06-2022 *\/\n.elementor-widget-image{text-align:center}.elementor-widget-image a{display:inline-block}.elementor-widget-image a img[src$=\".svg\"]{width:48px}.elementor-widget-image img{vertical-align:middle;display:inline-block}<\/style>\n<p>\t\t\t\t\t\t\t\t\t\t\t\t<img decoding=\"async\" width=\"250\" height=\"270\" src=\"http:\/\/serviciosintea.com\/wp-content\/uploads\/2022\/06\/35030f3b-sl-hero-layer-1.png\" alt=\"\" loading=\"lazy\" \/><br \/>\n\t\t\t\t\t\t\t\t\t\t\t\t\t\t\t<img decoding=\"async\" width=\"500\" height=\"1024\" src=\"http:\/\/serviciosintea.com\/wp-content\/uploads\/2022\/06\/4ad09ad850f99aad06ca6bd220dda2d3-500x1024.jpg\" alt=\"\" loading=\"lazy\" srcset=\"https:\/\/serviciosintea.com\/wp-content\/uploads\/2022\/06\/4ad09ad850f99aad06ca6bd220dda2d3-500x1024.jpg 500w, https:\/\/serviciosintea.com\/wp-content\/uploads\/2022\/06\/4ad09ad850f99aad06ca6bd220dda2d3-146x300.jpg 146w, https:\/\/serviciosintea.com\/wp-content\/uploads\/2022\/06\/4ad09ad850f99aad06ca6bd220dda2d3.jpg 564w\" sizes=\"auto, (max-width: 500px) 100vw, 500px\" \/><br \/>\n\t\t\t\t\t\t\t\t\t\t\t\t\t\t\t<img decoding=\"async\" width=\"108\" height=\"108\" src=\"http:\/\/serviciosintea.com\/wp-content\/uploads\/2022\/06\/ec662a31-sl-key-features-layer.png\" alt=\"\" loading=\"lazy\" \/>\t\t\t\t\t\t\t\t\t\t\t\t\t\t\t<\/p>\n<h2>Why Choose Us<\/h2>\n<p>                            <img decoding=\"async\" src=\"http:\/\/serviciosintea.com\/wp-content\/uploads\/2022\/06\/08f6d787-sl-key-features-icon-1.png\" alt=\"\"><\/p>\n<h4>instalacion segura y confiable <\/h4>\n<p>                            <img decoding=\"async\" src=\"http:\/\/serviciosintea.com\/wp-content\/uploads\/2022\/06\/51530c46-sl-key-features-icon-2.png\" alt=\"\"><\/p>\n<h4>mantenimientos Profesionales y completos <\/h4>\n<p>                            <img decoding=\"async\" src=\"http:\/\/serviciosintea.com\/wp-content\/uploads\/2022\/06\/ba99ab4a-sl-key-features-icon-3.png\" alt=\"\"><\/p>\n<h4>equipos de la mejor calidad <\/h4>\n<p>                            <img decoding=\"async\" src=\"http:\/\/serviciosintea.com\/wp-content\/uploads\/2022\/06\/51b58423-sl-key-features-icon-4.png\" alt=\"\"><\/p>\n<h4>nos renovamos constantemente<\/h4>\n<p>\t\t\t\t\t\t\t\t\t\t\t\t\t\t\t<img decoding=\"async\" width=\"312\" height=\"385\" src=\"http:\/\/serviciosintea.com\/wp-content\/uploads\/2022\/06\/bf26e860-sl-shape-layer.png\" alt=\"\" loading=\"lazy\" srcset=\"https:\/\/serviciosintea.com\/wp-content\/uploads\/2022\/06\/bf26e860-sl-shape-layer.png 312w, https:\/\/serviciosintea.com\/wp-content\/uploads\/2022\/06\/bf26e860-sl-shape-layer-243x300.png 243w\" sizes=\"auto, (max-width: 312px) 100vw, 312px\" \/><br \/>\n\t\t\t\t\t\t\t\t\t\t\t\t\t\t\t<img decoding=\"async\" width=\"260\" height=\"235\" src=\"http:\/\/serviciosintea.com\/wp-content\/uploads\/2022\/06\/f921bff6-sl-shape-layer-2.png\" alt=\"\" loading=\"lazy\" \/><br \/>\n\t\t\t\t\t\t\t\t\t\t\t\t\t\t\t<img decoding=\"async\" width=\"266\" height=\"282\" src=\"http:\/\/serviciosintea.com\/wp-content\/uploads\/2022\/06\/d73986cf-sl-shape-layer-yellow.png\" alt=\"\" loading=\"lazy\" \/><br \/>\n\t\t\t\t\t\t\t\t\t\t\t\t\t\t\t<img decoding=\"async\" width=\"736\" height=\"490\" src=\"http:\/\/serviciosintea.com\/wp-content\/uploads\/2022\/06\/2ae616471dc2b8ecf2422e79fdf62502.jpg\" alt=\"\" loading=\"lazy\" srcset=\"https:\/\/serviciosintea.com\/wp-content\/uploads\/2022\/06\/2ae616471dc2b8ecf2422e79fdf62502.jpg 736w, https:\/\/serviciosintea.com\/wp-content\/uploads\/2022\/06\/2ae616471dc2b8ecf2422e79fdf62502-300x200.jpg 300w\" sizes=\"auto, (max-width: 736px) 100vw, 736px\" \/>\t\t\t\t\t\t\t\t\t\t\t\t\t\t\t<\/p>\n<h2>Mas de 50 empresas han confiado en nosotros por la calidad de nuestro servicio<br \/>\n<\/h2>\n<p>Nos complace ser parte de innumerables historias de \u00e9xito al brindar soluciones de seguridad de la mejor calidad a nuestros clientes<\/p>\n<p>\t\t\t<a href=\"\" role=\"button\"><br \/>\n\t\t\t\t\t\tContact Us<br \/>\n\t\t\t\t\t<\/a><br \/>\n\t\t\t\t\t\t\t\t\t\t\t\t\t\t\t<img decoding=\"async\" width=\"177\" height=\"125\" src=\"http:\/\/serviciosintea.com\/wp-content\/uploads\/2022\/06\/bf84fc42-sl-blue-shape.png\" alt=\"\" loading=\"lazy\" \/>\t\t\t\t\t\t\t\t\t\t\t\t\t\t\t<\/p>\n<h2>Para Generar Cotizaciones a su Presupuesto Somos el Indicado<br \/>\n<\/h2>\n<p>INTEA se caracteriza por brindar soluciones, no importa si es un proyecto para el hogar, empresa o negocio. Tenemos una soluci\u00f3n para ti!\n <\/p>\n<p>\t\t\t<a href=\"#\" role=\"button\"><br \/>\n\t\t\t\t\t\tpide tu cotizaci\u00f3n<br \/>\n\t\t\t\t\t<\/a><br \/>\n\t\t\t\t\t\t\t\t\t\t\t\t\t\t\t<img decoding=\"async\" width=\"564\" height=\"845\" src=\"http:\/\/serviciosintea.com\/wp-content\/uploads\/2022\/06\/77e40a1d96d0077ede6aae2590df0522.jpg\" alt=\"\" loading=\"lazy\" srcset=\"https:\/\/serviciosintea.com\/wp-content\/uploads\/2022\/06\/77e40a1d96d0077ede6aae2590df0522.jpg 564w, https:\/\/serviciosintea.com\/wp-content\/uploads\/2022\/06\/77e40a1d96d0077ede6aae2590df0522-200x300.jpg 200w\" sizes=\"auto, (max-width: 564px) 100vw, 564px\" \/><br \/>\n\t\t\t\t\t\t\t\t\t\t\t\t\t\t\t<img decoding=\"async\" width=\"383\" height=\"405\" src=\"http:\/\/serviciosintea.com\/wp-content\/uploads\/2022\/06\/ca72facd-sl-orange-brash-shape.png\" alt=\"\" loading=\"lazy\" srcset=\"https:\/\/serviciosintea.com\/wp-content\/uploads\/2022\/06\/ca72facd-sl-orange-brash-shape.png 383w, https:\/\/serviciosintea.com\/wp-content\/uploads\/2022\/06\/ca72facd-sl-orange-brash-shape-284x300.png 284w\" sizes=\"auto, (max-width: 383px) 100vw, 383px\" \/>\t\t\t\t\t\t\t\t\t\t\t\t\t\t\t<\/p>\n<h2>Cliente una vez  \u00a1Socio de por vida! <\/h2>\n<p>Tratamos a nuestros clientes como nuestros socios. Eso les ayuda a explicar sus ideas con fluidez y hacer crecer su proyecto al m\u00e1ximo. Nos adaptamos a las necesidades del cliente para poder generar un buen ambiente y obtener resultados mejor de lo esperado. <\/p>\n<p>\t\t\t<a href=\"\" role=\"button\"><br \/>\n\t\t\t\t\t\thazte nuestro socio<br \/>\n\t\t\t\t\t<\/a><br \/>\n\t\t\t\t\t\t\t\t\t\t\t\t\t\t\t<img decoding=\"async\" width=\"500\" height=\"334\" src=\"http:\/\/serviciosintea.com\/wp-content\/uploads\/2022\/06\/f53afebf70910142cf28b684ddcd141c.jpg\" alt=\"\" loading=\"lazy\" srcset=\"https:\/\/serviciosintea.com\/wp-content\/uploads\/2022\/06\/f53afebf70910142cf28b684ddcd141c.jpg 500w, https:\/\/serviciosintea.com\/wp-content\/uploads\/2022\/06\/f53afebf70910142cf28b684ddcd141c-300x200.jpg 300w\" sizes=\"auto, (max-width: 500px) 100vw, 500px\" \/><br \/>\n\t\t\t\t\t\t\t\t\t\t\t\t\t\t\t<img decoding=\"async\" width=\"383\" height=\"405\" src=\"http:\/\/serviciosintea.com\/wp-content\/uploads\/2022\/06\/86ec85fe-blue-brash-shape.png\" alt=\"\" loading=\"lazy\" srcset=\"https:\/\/serviciosintea.com\/wp-content\/uploads\/2022\/06\/86ec85fe-blue-brash-shape.png 383w, https:\/\/serviciosintea.com\/wp-content\/uploads\/2022\/06\/86ec85fe-blue-brash-shape-284x300.png 284w\" sizes=\"auto, (max-width: 383px) 100vw, 383px\" \/>\t\t\t\t\t\t\t\t\t\t\t\t\t\t\t<\/p>\n<h2>Frequently Asked Question<\/h2>\n<p>                \u00bfPor que elegirnos?<\/p>\n<p><p>Brindamos el servicio personalizado con el mejor dise\u00f1o de experiencia de usuario. Puede presentar una idea, un plan de instalaci\u00f3n y estamos abiertos a la discusi\u00f3n para llegar al proyecto deseado de manera eficiente.<\/p>\n<\/p>\n<p>                \u00bfC\u00f3mo reservar una visita?<\/p>\n<p><p>Puedes ir a la ventana &#8220;contacto&#8221; que se encuentra en la parte superior derecha y dejarnos tu informaci\u00f3n para ponernos en\u00a0 \u00a0 \u00a0 \u00a0 \u00a0 \u00a0 \u00a0 \u00a0contacto con usted o puedes llamarnos directamente al 8125195014<\/p>\n<\/p>\n<p>                \u00bfTengo que ser una empresa para solicitar el servicio?<\/p>\n<p><p>INTEA esta interesado en cualquier tipo de proyecto ya sea en el hogar, negocio o empresa, contamos con soluciones de todo tipo. No dudes en contactarnos para brindarte la mejor soluci\u00f3n y el mejor servicio.<\/p>\n<\/p>\n<p>                \u00bfCuentan con el servicio de mantenimiento?<\/p>\n<p><p>Si, si ya cuentas con equipo CCTV y presenta dificultades, interferencia o simplemente se dejo de ver INTEA cuenta con ingenieros capacitados para realizar mantenimientos seguros y eficaces.<\/p>\n<\/p>\n<p>        <!-- FAQ Schema : Starts--><br \/>\n                <!-- FAQ Schema : Ends--><\/p>\n<h2>INTEA Soluciones y Servicios.<\/h2>\n","protected":false},"excerpt":{"rendered":"<p>Brindamos excelencia con nuestra experiencia Nuestro equipo siempre se esfuerza para brindar el mejor servicio desde cero, planificamos, organizamos y creamos soluciones perfectas para usted. Nos especializamos en instalaci\u00f3n, soporte t\u00e9cnico y mantenimiento en todo lo relacionado con la seguridad electr\u00f3nica a\u00f1os de experiencia nos respaldan y la dedicaci\u00f3n en cada trabajo lo refuerza. Somos [&hellip;]<\/p>\n","protected":false},"author":1,"featured_media":0,"parent":0,"menu_order":0,"comment_status":"closed","ping_status":"closed","template":"","meta":{"_eb_attr":"","footnotes":""},"class_list":["post-33","page","type-page","status-publish","hentry"],"_links":{"self":[{"href":"https:\/\/serviciosintea.com\/index.php?rest_route=\/wp\/v2\/pages\/33","targetHints":{"allow":["GET"]}}],"collection":[{"href":"https:\/\/serviciosintea.com\/index.php?rest_route=\/wp\/v2\/pages"}],"about":[{"href":"https:\/\/serviciosintea.com\/index.php?rest_route=\/wp\/v2\/types\/page"}],"author":[{"embeddable":true,"href":"https:\/\/serviciosintea.com\/index.php?rest_route=\/wp\/v2\/users\/1"}],"replies":[{"embeddable":true,"href":"https:\/\/serviciosintea.com\/index.php?rest_route=%2Fwp%2Fv2%2Fcomments&post=33"}],"version-history":[{"count":22,"href":"https:\/\/serviciosintea.com\/index.php?rest_route=\/wp\/v2\/pages\/33\/revisions"}],"predecessor-version":[{"id":440,"href":"https:\/\/serviciosintea.com\/index.php?rest_route=\/wp\/v2\/pages\/33\/revisions\/440"}],"wp:attachment":[{"href":"https:\/\/serviciosintea.com\/index.php?rest_route=%2Fwp%2Fv2%2Fmedia&parent=33"}],"curies":[{"name":"wp","href":"https:\/\/api.w.org\/{rel}","templated":true}]}}